{"id":539,"date":"2021-06-03T09:31:45","date_gmt":"2021-06-03T07:31:45","guid":{"rendered":"https:\/\/www.gsimulations.de\/?page_id=539"},"modified":"2026-04-30T13:40:57","modified_gmt":"2026-04-30T11:40:57","slug":"impressum","status":"publish","type":"page","link":"https:\/\/www.gsimulations.de\/en\/impressum\/","title":{"rendered":"Imprint"},"content":{"rendered":"<h2>Scope<\/h2>\n<p>This imprint applies to the website <strong>gsimulations.com<\/strong> as well as for all add-ons provided through this site for Microsoft Flight Simulator \u2013 in particular:<\/p>\n<ul>\n<li><strong>G-Sim Kneeboard<\/strong> \u2013 <a href=\"\/en\/kneeboard\/\">\/kneeboard\/<\/a> (Open Source, GPL-3.0-or-later, <a href=\"https:\/\/github.com\/G-Simulation\/G-Sim-Kneeboard\" target=\"_blank\" rel=\"noopener\">GitHub<\/a>)<\/a><\/li>\n<li><strong>MSFSVoiceWalker<\/strong> \u2013 <a href=\"\/en\/msfsvoicewalker\/\">\/msfsvoicewalker\/<\/a> (Open Source, Apache 2.0, <a href=\"https:\/\/github.com\/G-Simulation\/MSFS-VoiceWalker\" target=\"_blank\" rel=\"noopener\">GitHub<\/a>)<\/li>\n<\/ul>\n<h1>Imprint<\/h1>\n<p>Information pursuant to \u00a7 5 TMG<\/p>\n<p>Patrick Gottberg<br \/>\nSimon-Bruder-Str.1<br \/>\n77767 Appenweier<\/p>\n<p><strong>Represented by:<\/strong><br \/>\nPatrick Gottberg<\/p>\n<p><strong>Contact:<\/strong><br \/>\nPhone: 07805-4978526<br \/>\nEmail:\u00a0<a href=\"mailto:support@gsimulations.de\">support@gsimulations.de<\/a><\/p>\n<p><strong>VAT ID:<\/strong><br \/>\nVAT identification number pursuant to \u00a727a Value Added Tax Act: 08171\/00070<\/p>\n<p><strong>Disclaimer:<\/strong><\/p>\n<p><strong>Liability for content<\/strong><\/p>\n<p>The contents of our pages have been created with the greatest care. However, we cannot assume any guarantee for the correctness, completeness and timeliness of the contents. As a service provider, we are responsible for our own content on these pages in accordance with \u00a7 7 (1) TMG and general laws. According to \u00a7\u00a7 8 to 10 TMG, however, we as a service provider are not obliged to monitor transmitted or stored third-party information or to investigate circumstances that indicate illegal activity. Obligations to remove or block the use of information under general laws remain unaffected. However, liability in this respect is only possible from the time of knowledge of a specific legal violation. Upon becoming aware of corresponding legal violations, we will remove this content immediately.<\/p>\n<p><strong>Liability for links<\/strong><\/p>\n<p>Our offer contains links to external websites of third parties on whose contents we have no influence. Therefore we cannot assume any guarantee for these external contents. The respective provider or operator of the pages is always responsible for the contents of the linked pages. The linked pages were checked for possible legal violations at the time of linking. Illegal contents were not recognisable at the time of linking. However, a permanent content control of the linked pages is not reasonable without specific evidence of a legal violation. Upon becoming aware of legal violations, we will remove such links immediately.<\/p>\n<p><strong>Copyright<\/strong><\/p>\n<p>The contents and works on these pages created by the site operators are subject to German copyright law. Reproduction, editing, distribution and any kind of utilisation outside the limits of copyright law require the written consent of the respective author or creator. Downloads and copies of this site are only permitted for private, non-commercial use. Insofar as the contents on this site were not created by the operator, the copyrights of third parties are observed. In particular, third-party contents are marked as such. Should you nevertheless become aware of a copyright infringement, please notify us. Upon becoming aware of legal violations, we will remove such contents immediately.<\/p>","protected":false},"excerpt":{"rendered":"<p>Geltungsbereich Dieses Impressum gilt f\u00fcr die Website gsimulations.de sowie f\u00fcr alle \u00fcber diese Seite bereitgestellten Add-ons f\u00fcr den Microsoft Flight Simulator \u2013 insbesondere: G-Sim Kneeboard \u2013 \/kneeboard\/ (Open Source, GPL-3.0-or-later, [&hellip;]<\/p>\n","protected":false},"author":1,"featured_media":0,"parent":0,"menu_order":0,"comment_status":"closed","ping_status":"closed","template":"page-fullwidth.php","meta":{"inline_featured_image":false,"footnotes":""},"class_list":["post-539","page","type-page","status-publish","hentry"],"_links":{"self":[{"href":"https:\/\/www.gsimulations.de\/en\/wp-json\/wp\/v2\/pages\/539","targetHints":{"allow":["GET"]}}],"collection":[{"href":"https:\/\/www.gsimulations.de\/en\/wp-json\/wp\/v2\/pages"}],"about":[{"href":"https:\/\/www.gsimulations.de\/en\/wp-json\/wp\/v2\/types\/page"}],"author":[{"embeddable":true,"href":"https:\/\/www.gsimulations.de\/en\/wp-json\/wp\/v2\/users\/1"}],"replies":[{"embeddable":true,"href":"https:\/\/www.gsimulations.de\/en\/wp-json\/wp\/v2\/comments?post=539"}],"version-history":[{"count":6,"href":"https:\/\/www.gsimulations.de\/en\/wp-json\/wp\/v2\/pages\/539\/revisions"}],"predecessor-version":[{"id":1171,"href":"https:\/\/www.gsimulations.de\/en\/wp-json\/wp\/v2\/pages\/539\/revisions\/1171"}],"wp:attachment":[{"href":"https:\/\/www.gsimulations.de\/en\/wp-json\/wp\/v2\/media?parent=539"}],"curies":[{"name":"wp","href":"https:\/\/api.w.org\/{rel}","templated":true}]}}